{"id":162,"date":"2018-09-20T10:53:45","date_gmt":"2018-09-20T08:53:45","guid":{"rendered":"http:\/\/frangibus.fr\/?page_id=162"},"modified":"2018-09-20T12:11:06","modified_gmt":"2018-09-20T10:11:06","slug":"instruction-en-famille","status":"publish","type":"page","link":"https:\/\/frangibus.fr\/?page_id=162","title":{"rendered":"INSTRUCTION EN FAMILLE"},"content":{"rendered":"<p>En attendant que cette page soit r\u00e9alis\u00e9e, voici un petit article paru en 2014 lors d&rsquo;un s\u00e9jour dans le Luberon.<\/p>\n<p><img decoding=\"async\" loading=\"lazy\" class=\"alignnone size-full wp-image-196\" src=\"https:\/\/frangibus.fr\/wp-content\/uploads\/2018\/09\/article.jpg\" alt=\"\" width=\"1627\" height=\"1576\" srcset=\"https:\/\/frangibus.fr\/wp-content\/uploads\/2018\/09\/article.jpg 1627w, https:\/\/frangibus.fr\/wp-content\/uploads\/2018\/09\/article-300x291.jpg 300w, https:\/\/frangibus.fr\/wp-content\/uploads\/2018\/09\/article-768x744.jpg 768w, https:\/\/frangibus.fr\/wp-content\/uploads\/2018\/09\/article-1024x992.jpg 1024w\" sizes=\"(max-width: 1627px) 100vw, 1627px\" \/><\/p>\n<p>&nbsp;<\/p>\n","protected":false},"excerpt":{"rendered":"<p>En attendant que cette page soit r\u00e9alis\u00e9e, voici un petit article paru en 2014 lors d&rsquo;un s\u00e9jour dans le Luberon.<\/p>\n","protected":false},"author":1,"featured_media":0,"parent":0,"menu_order":0,"comment_status":"closed","ping_status":"closed","template":"","meta":{"footnotes":""},"_links":{"self":[{"href":"https:\/\/frangibus.fr\/index.php?rest_route=\/wp\/v2\/pages\/162"}],"collection":[{"href":"https:\/\/frangibus.fr\/index.php?rest_route=\/wp\/v2\/pages"}],"about":[{"href":"https:\/\/frangibus.fr\/index.php?rest_route=\/wp\/v2\/types\/page"}],"author":[{"embeddable":true,"href":"https:\/\/frangibus.fr\/index.php?rest_route=\/wp\/v2\/users\/1"}],"replies":[{"embeddable":true,"href":"https:\/\/frangibus.fr\/index.php?rest_route=%2Fwp%2Fv2%2Fcomments&post=162"}],"version-history":[{"count":5,"href":"https:\/\/frangibus.fr\/index.php?rest_route=\/wp\/v2\/pages\/162\/revisions"}],"predecessor-version":[{"id":200,"href":"https:\/\/frangibus.fr\/index.php?rest_route=\/wp\/v2\/pages\/162\/revisions\/200"}],"wp:attachment":[{"href":"https:\/\/frangibus.fr\/index.php?rest_route=%2Fwp%2Fv2%2Fmedia&parent=162"}],"curies":[{"name":"wp","href":"https:\/\/api.w.org\/{rel}","templated":true}]}}