{"id":49,"date":"2018-08-18T17:36:47","date_gmt":"2018-08-18T15:36:47","guid":{"rendered":"http:\/\/frangibus.fr\/?page_id=49"},"modified":"2018-09-22T20:37:12","modified_gmt":"2018-09-22T18:37:12","slug":"qui-sommes-nous","status":"publish","type":"page","link":"https:\/\/frangibus.fr\/?page_id=49","title":{"rendered":"PRESENTATION"},"content":{"rendered":"<p><strong>Les frangibus ins\u00e9parables.<\/strong><\/p>\n<p>En 2007 lorsque Esteban est n\u00e9, Costa son grand fr\u00e8re allait f\u00eater ses 2 ans. Les ann\u00e9es ont pass\u00e9 et les frangibus ne se sont jamais quitt\u00e9s (&#8230;sauf un week-end l&rsquo;hiver dernier \ud83d\ude09 ) L&rsquo;instruction en famille n&rsquo;a fait que les rapprocher et renforcer leur complicit\u00e9. \u00c9ternels partenaires de jeux, fr\u00e9quentant les m\u00eames copains, ils sont \u00e9galement ins\u00e9parables dans leur passion du sport. Aujourd&rsquo;hui ils sont commun\u00e9ment per\u00e7us comme des personnages souriants et sympathiques, attentifs et pos\u00e9s lors des temps d&rsquo;apprentissage.<br \/>\nMais attention ce ne sont pas des anges non plus, ils peuvent devenir excit\u00e9s et insupportables s&rsquo;ils n&rsquo;ont pas eu l&rsquo;occasion d&rsquo;aller se d\u00e9fouler dehors, s&rsquo;ils n&rsquo;ont pas eu leur quota d&rsquo;activit\u00e9s physiques. Normal car ce sont des enfants estampill\u00e9s \u00ab\u00a0\u00e9lev\u00e9s en plein air\u00a0\u00bb! Des crises, des b\u00eatises, des sottises, ils ne nous \u00e9pargnent pas non plus&#8230;<\/p>\n<p><img decoding=\"async\" loading=\"lazy\" class=\"size-medium wp-image-223 alignleft\" src=\"https:\/\/frangibus.fr\/wp-content\/uploads\/2018\/09\/20180912_135026-225x300.jpg\" alt=\"\" width=\"225\" height=\"300\" srcset=\"https:\/\/frangibus.fr\/wp-content\/uploads\/2018\/09\/20180912_135026-225x300.jpg 225w, https:\/\/frangibus.fr\/wp-content\/uploads\/2018\/09\/20180912_135026-768x1024.jpg 768w\" sizes=\"(max-width: 225px) 100vw, 225px\" \/> \u00a0 \u00a0 \u00a0 <img decoding=\"async\" loading=\"lazy\" class=\"size-medium wp-image-222 alignright\" src=\"https:\/\/frangibus.fr\/wp-content\/uploads\/2018\/09\/20180912_130720-225x300.jpg\" alt=\"\" width=\"225\" height=\"300\" srcset=\"https:\/\/frangibus.fr\/wp-content\/uploads\/2018\/09\/20180912_130720-225x300.jpg 225w, https:\/\/frangibus.fr\/wp-content\/uploads\/2018\/09\/20180912_130720-768x1024.jpg 768w, https:\/\/frangibus.fr\/wp-content\/uploads\/2018\/09\/20180912_130720.jpg 2005w\" sizes=\"(max-width: 225px) 100vw, 225px\" \/><strong>Chacun a su cr\u00e9er son personnage et d\u00e9velopper sa singularit\u00e9.<\/strong><\/p>\n<p>L&rsquo;a\u00een\u00e9, bien b\u00e2ti, puissant, n&rsquo;en est pas moins le contemplatif du bin\u00f4me. V\u00e9ritable radar ce sera toujours le premier \u00e0 rep\u00e9rer un animal sauvage. C&rsquo;est notre chasseur-cueilleur, accordant beaucoup d&rsquo;importance \u00e0 la nourriture ! Sauter un repas est inimaginable, le sacrifice ultime !<br \/>\nD&rsquo;un profil on ne peut plus longiligne, Esteban l&rsquo;ing\u00e9nieux bidouilleur, jeune entrepreneur ( cr\u00e9ant sa premi\u00e8re entreprise \u00e0 9 ans&#8230;), fourmille toujours d&rsquo;id\u00e9es et de projets. Il arr\u00eate de parler quand il dort et se calme quand il n&rsquo;est pas excit\u00e9 ! Lui c&rsquo;est soit Action, soit Repos ! D&rsquo;ailleurs Esteban s&rsquo;est de suite investi pour le blog, trop content de pouvoir continuer ses montages de vid\u00e9o et la d\u00e9couverte du monde de l\u2019informatique. Costa est plus discret dans son enthousiasme pour le site, y participant pour l\u2019instant a minima, pr\u00e9f\u00e9rant la compagnie de ses romans ou pr\u00eatant son aide \u00e0 la pr\u00e9paration des repas.<\/p>\n<p><strong>Le site internet, un outil p\u00e9dagogique.<\/strong><\/p>\n<p>Depuis que les gar\u00e7ons savent aligner quelques mots, nous r\u00e9digeons des Cahiers de vie o\u00f9 ils consignent leurs aventures quotidiennes. Cette belle id\u00e9e nous a \u00e9t\u00e9 souffl\u00e9e par notre inspecteur r\u00e9f\u00e9rent lors d&rsquo;une visite de contr\u00f4le des connaissances. Ces cahiers nous ont permis d&rsquo;aborder \u00ab\u00a0le fran\u00e7ais\u00a0\u00bb de fa\u00e7on tr\u00e8s concr\u00e8te en cr\u00e9ant du Sens. Oui, la r\u00e9alisation de tous ces ouvrages nous a demand\u00e9 un temps consid\u00e9rable et de gros efforts d&rsquo;\u00e9criture&#8230;mais quel plaisir aujourd&rsquo;hui de les red\u00e9couvrir et de les partager avec la famille. Derni\u00e8rement, nous avons senti comme un peu d&rsquo;essoufflement&#8230; Nous avons d\u00e9cid\u00e9 de prolonger ce travail d&rsquo;\u00e9criture et de cr\u00e9ation \u00e0 travers la r\u00e9alisation d\u2019un site.<img decoding=\"async\" loading=\"lazy\" class=\"wp-image-225 aligncenter\" src=\"https:\/\/frangibus.fr\/wp-content\/uploads\/2018\/09\/2015printpsC_CdV00010003-1024x711.jpg\" alt=\"\" width=\"893\" height=\"620\" srcset=\"https:\/\/frangibus.fr\/wp-content\/uploads\/2018\/09\/2015printpsC_CdV00010003-1024x711.jpg 1024w, https:\/\/frangibus.fr\/wp-content\/uploads\/2018\/09\/2015printpsC_CdV00010003-300x208.jpg 300w, https:\/\/frangibus.fr\/wp-content\/uploads\/2018\/09\/2015printpsC_CdV00010003-768x534.jpg 768w\" sizes=\"(max-width: 893px) 100vw, 893px\" \/><\/p>\n<p>Ce choix donne de nouvelles perspectives . Il va permettre de nous ouvrir sur un nouveau support de communication et de passer \u00e0 l&rsquo;outil multim\u00e9dia, plus au go\u00fbt des enfants. Nous faisons le pari que ce site leur permettra d\u2019\u00e9veiller encore cet Enthousiasme, essentiel \u00e0 tout apprentissage et que les actions qu\u2019ils m\u00e8neront seront empreintes de Force et de Sens.<\/p>\n<p>Ce site est un outil pour d\u00e9velopper l\u2019aptitude \u00e0 s\u2019exprimer que ce soit oralement ou par la r\u00e9daction d\u2019articles, sans n\u00e9gliger l\u2019\u00e9veil \u00e0 la sensibilit\u00e9 \u00e0 travers la d\u00e9couverte de la photographie et de la vid\u00e9o. Il ouvre \u00e9galement le champ immense de la technologie et de la communication, dont les travers n\u00e9cessitent aujourd\u2019hui une discipline et une vigilance toute particuli\u00e8re.<\/p>\n<p>Aujourd&rsquo;hui vous devinerez des parents relativement investis dans ce projet, le but \u00e9tant de s&rsquo;effacer afin de laisser le plus t\u00f4t possible les enfants aux commandes de LEUR SITE. Objectif: Autonomie !<\/p>\n","protected":false},"excerpt":{"rendered":"<p>Les frangibus ins\u00e9parables. En 2007 lorsque Esteban est n\u00e9, Costa son grand fr\u00e8re allait f\u00eater ses 2 ans. Les ann\u00e9es<\/p>\n","protected":false},"author":1,"featured_media":0,"parent":0,"menu_order":0,"comment_status":"closed","ping_status":"closed","template":"","meta":{"footnotes":""},"_links":{"self":[{"href":"https:\/\/frangibus.fr\/index.php?rest_route=\/wp\/v2\/pages\/49"}],"collection":[{"href":"https:\/\/frangibus.fr\/index.php?rest_route=\/wp\/v2\/pages"}],"about":[{"href":"https:\/\/frangibus.fr\/index.php?rest_route=\/wp\/v2\/types\/page"}],"author":[{"embeddable":true,"href":"https:\/\/frangibus.fr\/index.php?rest_route=\/wp\/v2\/users\/1"}],"replies":[{"embeddable":true,"href":"https:\/\/frangibus.fr\/index.php?rest_route=%2Fwp%2Fv2%2Fcomments&post=49"}],"version-history":[{"count":6,"href":"https:\/\/frangibus.fr\/index.php?rest_route=\/wp\/v2\/pages\/49\/revisions"}],"predecessor-version":[{"id":237,"href":"https:\/\/frangibus.fr\/index.php?rest_route=\/wp\/v2\/pages\/49\/revisions\/237"}],"wp:attachment":[{"href":"https:\/\/frangibus.fr\/index.php?rest_route=%2Fwp%2Fv2%2Fmedia&parent=49"}],"curies":[{"name":"wp","href":"https:\/\/api.w.org\/{rel}","templated":true}]}}